{"id":895,"date":"2023-05-22T08:23:23","date_gmt":"2023-05-22T06:23:23","guid":{"rendered":"https:\/\/dimex.pl\/plytki\/?page_id=895"},"modified":"2023-05-22T08:23:25","modified_gmt":"2023-05-22T06:23:25","slug":"obowiazek-informacyjny","status":"publish","type":"page","link":"https:\/\/dimex.pl\/plytki\/obowiazek-informacyjny\/","title":{"rendered":"Obowi\u0105zek Informacyjny"},"content":{"rendered":"\n<h1 style=\"text-align: left;\">Obowi\u0105zek Informacyjny<\/h1>\n<p style=\"text-align: justify;\">Administratorem danych osobowych U\u017cytkownika udost\u0119pnionych za po\u015brednictwem Serwisu, czyli podmiotem decyduj\u0105cym o celach i sposobach ich przetwarzania, jest <strong> PRZESI\u0118BIORSTWO PRODUKCYJNO-HANDLOWO-US\u0141UGOWE &#8222;DIMEX&#8221; SP&Oacute;\u0141KA Z OGRANICZON\u0104 ODPOWIEDZIALNO\u015aCI\u0104, Zygmunta Krasi\u0144skiego 20A, 40-019 Katowice, NIP 6340130532, <\/strong><em>(dalej jako Administrator)<\/em>.<\/p>\n<p style=\"text-align: justify;\">Podane przez U\u017cytkownika dane osobowe s\u0105 przetwarzane przez Administratora na podstawie zgody wyra\u017conej przez U\u017cytkownika, w rozumieniu art. 6 ust. 1 lit. a)Rozporz\u0105dzenia Parlamentu Europejskiego i Rady (UE) 2016\/679 z dnia 27 kwietnia 2016 r. w sprawie ochrony os&oacute;b fizycznych w zwi\u0105zku z przetwarzaniem danych osobowych i w sprawie swobodnego przep\u0142ywu takich danych oraz uchylenia dyrektywy 95\/46\/WE &#8211; zwanego dalej RODO.<\/p>\n<p style=\"text-align: justify;\">Podanie danych osobowych za po\u015brednictwem Serwisu jest dobrowolne. U\u017cytkownik ma prawo do cofni\u0119cia wyra\u017conej zgody w dowolnym momencie poprzez kontakt z Administratorem <strong> dimex@dimex.pl,<\/strong> bez wp\u0142ywu na zgodno\u015b\u0107 z prawem przetwarzania, kt&oacute;rego dokonano na podstawie zgody przed jej cofni\u0119ciem.<\/p>\n<p style=\"text-align: justify;\">U\u017cytkownikowi przys\u0142uguje prawo dost\u0119pu do swoich danych osobowych w ka\u017cdym czasie, ich sprostowania, usuni\u0119cia lub ograniczenia przetwarzania oraz prawo do wniesienia sprzeciwu wobec przetwarzania, a tak\u017ce prawo do przenoszenia danych.<\/p>\n<p style=\"text-align: justify;\">Administrator przetwarza dane osobowe U\u017cytkownika Serwisu w nast\u0119puj\u0105cych celach:<\/p>\n<ol style=\"text-align: justify;\">\n<li>Komunikacji z U\u017cytkownikiem, w szczeg&oacute;lno\u015bci obs\u0142ugi reklamacji dotycz\u0105cych produkt&oacute;w lub us\u0142ug Administratora;<\/li>\n<li>Przedstawiania U\u017cytkownikowi ofert handlowych drog\u0105 elektroniczn\u0105;<\/li>\n<li>Przedstawiania U\u017cytkownikowi ofert handlowych w kontakcie telefonicznym;<\/li>\n<li>Umo\u017cliwienia U\u017cytkownikowi przesy\u0142ania komentarzy lub opinii dotycz\u0105cych produkt&oacute;w lub us\u0142ug Administratora.<\/li>\n<\/ol>\n<p style=\"text-align: justify;\">Administrator mo\u017ce przetwarza\u0107 dane osobowe U\u017cytkownika pozyskane za po\u015brednictwem Serwisu r&oacute;wnie\u017c w nast\u0119puj\u0105cych celach:<\/p>\n<ol style=\"text-align: justify;\">\n<li>w celu zawarcia i realizacji ewentualnej umowy pomi\u0119dzy U\u017cytkownikiem a Administratorem oraz obs\u0142ugi U\u017cytkownika jako klienta Administratora zgodnie z art. 6 ust. 1 lit. b) RODO;<\/li>\n<li>w celu prowadzenia rozlicze\u0144 finansowych z U\u017cytkownikiem b\u0119d\u0105cym klientem Administratora tytu\u0142em realizacji ewentualnej umowy zawartej mi\u0119dzy stronami, a tak\u017ce ewentualnego dochodzenia roszcze\u0144 od U\u017cytkownika b\u0119d\u0105cego klientem w ramach prawnie uzasadnionego interesu Administratora zgodnie z art. 6 ust. 1 lit. f) RODO oraz spe\u0142nienia obowi\u0105zk&oacute;w prawnych Administratora wobec organ&oacute;w podatkowych na podstawie odr\u0119bnych przepis&oacute;w zgodnie z art. 6 ust. 1 lit. c) RODO;<\/li>\n<li>w celu realizacji dzia\u0142a\u0144 marketingowych Administratora w ramach prawnie uzasadnionego interesu Administratora w rozumieniu art. 6 ust. 1 lit. f) RODO, a tak\u017ce zgodnie z o\u015bwiadczeniami woli dotycz\u0105cymi komunikacji marketingowej z\u0142o\u017conymi wobec Administratora. Zgody udzielone w zakresie komunikacji marketingowej (np. na przesy\u0142anie informacji handlowych drog\u0105 elektroniczn\u0105 lub kontakt telefoniczny w celach marketingu bezpo\u015bredniego) mog\u0105 by\u0107 wycofane w dowolnym czasie, bez wp\u0142ywu na zgodno\u015b\u0107 z prawem przetwarzania, kt&oacute;rego dokonano na podstawie zgody przed jej cofni\u0119ciem;<\/li>\n<li>w celu realizacji obowi\u0105zk&oacute;w prawnych Administratora wobec U\u017cytkownika okre\u015blonych w RODO, w rozumieniu art. 6 ust. 1 lit. c) RODO.<\/li>\n<\/ol>\n<p style=\"text-align: justify;\">Wi\u0119cej informacji dotycz\u0105cych powy\u017cszych cel&oacute;w przetwarzania danych osobowych U\u017cytkownika znajduje si\u0119 w <span style=\"text-decoration: underline;\"><a href=\"https:\/\/dimex.pl\/plytki\/polityka-prywatnosci\/\" target=\"_blank\" rel=\"noopener\">Polityce prywatno\u015bci<\/a><\/span> opublikowanej w Serwisie.<\/p>\n<p style=\"text-align: justify;\">Dane osobowe U\u017cytkownika nie s\u0105 przekazywane przez Administratora podmiotom trzecim.<\/p>\n<p style=\"text-align: justify;\">Administrator przechowuje dane osobowe przez taki okres, jaki jest konieczny do osi\u0105gni\u0119cia okre\u015blonych cel&oacute;w, tj.:<\/p>\n<ul style=\"text-align: justify;\">\n<li>przez okres prowadzenia dzia\u0142alno\u015bci gospodarczej przez Administratora.<\/li>\n<\/ul>\n<p style=\"text-align: justify;\">W przypadku jakichkolwiek pyta\u0144 lub problem&oacute;w zwi\u0105zanych z przetwarzaniem danych osobowych nale\u017cy kontaktowa\u0107 si\u0119 z Administratorem pod nast\u0119puj\u0105cym adresem: <br \/><strong> Zygmunta Krasi\u0144skiego 20A, 40-019 Katowice, dimex@dimex.pl. <\/strong><\/p>\n<p style=\"text-align: justify;\">U\u017cytkownik ma prawo do wniesienia skargi do Prezesa Urz\u0119du Ochrony Danych Osobowych.<\/p>\n","protected":false},"excerpt":{"rendered":"<p>Obowi\u0105zek Informacyjny Administratorem danych osobowych U\u017cytkownika udost\u0119pnionych za po\u015brednictwem Serwisu, czyli podmiotem decyduj\u0105cym o celach i sposobach ich przetwarzania, jest PRZESI\u0118BIORSTWO PRODUKCYJNO-HANDLOWO-US\u0141UGOWE &#8222;DIMEX&#8221; SP&Oacute;\u0141KA Z OGRANICZON\u0104 ODPOWIEDZIALNO\u015aCI\u0104, Zygmunta Krasi\u0144skiego 20A, 40-019 Katowice, NIP 6340130532, (dalej jako Administrator). Podane przez U\u017cytkownika dane osobowe s\u0105 przetwarzane przez&#8230;<\/p>\n","protected":false},"author":1,"featured_media":0,"parent":0,"menu_order":0,"comment_status":"closed","ping_status":"closed","template":"","meta":[],"yoast_head":"<!-- This site is optimized with the Yoast SEO plugin v18.1 - https:\/\/yoast.com\/wordpress\/plugins\/seo\/ -->\n<meta name=\"robots\" content=\"index, follow, max-snippet:-1, max-image-preview:large, max-video-preview:-1\" \/>\n<link rel=\"canonical\" href=\"https:\/\/dimex.pl\/plytki\/obowiazek-informacyjny\/\" \/>\n<meta property=\"og:locale\" content=\"pl_PL\" \/>\n<meta property=\"og:type\" content=\"article\" \/>\n<meta property=\"og:title\" content=\"Obowi\u0105zek Informacyjny - P.P.H.U. &quot;DIMEX&quot; Sp. z o.o.\" \/>\n<meta property=\"og:description\" content=\"Obowi\u0105zek Informacyjny Administratorem danych osobowych U\u017cytkownika udost\u0119pnionych za po\u015brednictwem Serwisu, czyli podmiotem decyduj\u0105cym o celach i sposobach ich przetwarzania, jest PRZESI\u0118BIORSTWO PRODUKCYJNO-HANDLOWO-US\u0141UGOWE &#8222;DIMEX&#8221; SP&Oacute;\u0141KA Z OGRANICZON\u0104 ODPOWIEDZIALNO\u015aCI\u0104, Zygmunta Krasi\u0144skiego 20A, 40-019 Katowice, NIP 6340130532, (dalej jako Administrator). Podane przez U\u017cytkownika dane osobowe s\u0105 przetwarzane przez...\" \/>\n<meta property=\"og:url\" content=\"https:\/\/dimex.pl\/plytki\/obowiazek-informacyjny\/\" \/>\n<meta property=\"og:site_name\" content=\"P.P.H.U. &quot;DIMEX&quot; Sp. z o.o.\" \/>\n<meta property=\"article:modified_time\" content=\"2023-05-22T06:23:25+00:00\" \/>\n<meta name=\"twitter:card\" content=\"summary\" \/>\n<meta name=\"twitter:label1\" content=\"Szacowany czas czytania\" \/>\n\t<meta name=\"twitter:data1\" content=\"1 minuta\" \/>\n<script type=\"application\/ld+json\" class=\"yoast-schema-graph\">{\"@context\":\"https:\/\/schema.org\",\"@graph\":[{\"@type\":\"Organization\",\"@id\":\"https:\/\/dimex.pl\/plytki\/#organization\",\"name\":\"P.P.H.U. \\\"DIMEX\\\" Sp. z o.o.\",\"url\":\"https:\/\/dimex.pl\/plytki\/\",\"sameAs\":[],\"logo\":{\"@type\":\"ImageObject\",\"@id\":\"https:\/\/dimex.pl\/plytki\/#logo\",\"inLanguage\":\"pl-PL\",\"url\":\"https:\/\/dimex.pl\/plytki\/wp-content\/uploads\/2017\/10\/logo.gif\",\"contentUrl\":\"https:\/\/dimex.pl\/plytki\/wp-content\/uploads\/2017\/10\/logo.gif\",\"width\":240,\"height\":170,\"caption\":\"P.P.H.U. \\\"DIMEX\\\" Sp. z o.o.\"},\"image\":{\"@id\":\"https:\/\/dimex.pl\/plytki\/#logo\"}},{\"@type\":\"WebSite\",\"@id\":\"https:\/\/dimex.pl\/plytki\/#website\",\"url\":\"https:\/\/dimex.pl\/plytki\/\",\"name\":\"P.P.H.U. &quot;DIMEX&quot; Sp. z o.o.\",\"description\":\"\",\"publisher\":{\"@id\":\"https:\/\/dimex.pl\/plytki\/#organization\"},\"potentialAction\":[{\"@type\":\"SearchAction\",\"target\":{\"@type\":\"EntryPoint\",\"urlTemplate\":\"https:\/\/dimex.pl\/plytki\/?s={search_term_string}\"},\"query-input\":\"required name=search_term_string\"}],\"inLanguage\":\"pl-PL\"},{\"@type\":\"WebPage\",\"@id\":\"https:\/\/dimex.pl\/plytki\/obowiazek-informacyjny\/#webpage\",\"url\":\"https:\/\/dimex.pl\/plytki\/obowiazek-informacyjny\/\",\"name\":\"Obowi\u0105zek Informacyjny - P.P.H.U. &quot;DIMEX&quot; Sp. z o.o.\",\"isPartOf\":{\"@id\":\"https:\/\/dimex.pl\/plytki\/#website\"},\"datePublished\":\"2023-05-22T06:23:23+00:00\",\"dateModified\":\"2023-05-22T06:23:25+00:00\",\"breadcrumb\":{\"@id\":\"https:\/\/dimex.pl\/plytki\/obowiazek-informacyjny\/#breadcrumb\"},\"inLanguage\":\"pl-PL\",\"potentialAction\":[{\"@type\":\"ReadAction\",\"target\":[\"https:\/\/dimex.pl\/plytki\/obowiazek-informacyjny\/\"]}]},{\"@type\":\"BreadcrumbList\",\"@id\":\"https:\/\/dimex.pl\/plytki\/obowiazek-informacyjny\/#breadcrumb\",\"itemListElement\":[{\"@type\":\"ListItem\",\"position\":1,\"name\":\"Strona g\u0142\u00f3wna\",\"item\":\"https:\/\/dimex.pl\/plytki\/\"},{\"@type\":\"ListItem\",\"position\":2,\"name\":\"Obowi\u0105zek Informacyjny\"}]}]}<\/script>\n<!-- \/ Yoast SEO plugin. -->","yoast_head_json":{"robots":{"index":"index","follow":"follow","max-snippet":"max-snippet:-1","max-image-preview":"max-image-preview:large","max-video-preview":"max-video-preview:-1"},"canonical":"https:\/\/dimex.pl\/plytki\/obowiazek-informacyjny\/","og_locale":"pl_PL","og_type":"article","og_title":"Obowi\u0105zek Informacyjny - P.P.H.U. &quot;DIMEX&quot; Sp. z o.o.","og_description":"Obowi\u0105zek Informacyjny Administratorem danych osobowych U\u017cytkownika udost\u0119pnionych za po\u015brednictwem Serwisu, czyli podmiotem decyduj\u0105cym o celach i sposobach ich przetwarzania, jest PRZESI\u0118BIORSTWO PRODUKCYJNO-HANDLOWO-US\u0141UGOWE &#8222;DIMEX&#8221; SP&Oacute;\u0141KA Z OGRANICZON\u0104 ODPOWIEDZIALNO\u015aCI\u0104, Zygmunta Krasi\u0144skiego 20A, 40-019 Katowice, NIP 6340130532, (dalej jako Administrator). Podane przez U\u017cytkownika dane osobowe s\u0105 przetwarzane przez...","og_url":"https:\/\/dimex.pl\/plytki\/obowiazek-informacyjny\/","og_site_name":"P.P.H.U. &quot;DIMEX&quot; Sp. z o.o.","article_modified_time":"2023-05-22T06:23:25+00:00","twitter_card":"summary","twitter_misc":{"Szacowany czas czytania":"1 minuta"},"schema":{"@context":"https:\/\/schema.org","@graph":[{"@type":"Organization","@id":"https:\/\/dimex.pl\/plytki\/#organization","name":"P.P.H.U. \"DIMEX\" Sp. z o.o.","url":"https:\/\/dimex.pl\/plytki\/","sameAs":[],"logo":{"@type":"ImageObject","@id":"https:\/\/dimex.pl\/plytki\/#logo","inLanguage":"pl-PL","url":"https:\/\/dimex.pl\/plytki\/wp-content\/uploads\/2017\/10\/logo.gif","contentUrl":"https:\/\/dimex.pl\/plytki\/wp-content\/uploads\/2017\/10\/logo.gif","width":240,"height":170,"caption":"P.P.H.U. \"DIMEX\" Sp. z o.o."},"image":{"@id":"https:\/\/dimex.pl\/plytki\/#logo"}},{"@type":"WebSite","@id":"https:\/\/dimex.pl\/plytki\/#website","url":"https:\/\/dimex.pl\/plytki\/","name":"P.P.H.U. &quot;DIMEX&quot; Sp. z o.o.","description":"","publisher":{"@id":"https:\/\/dimex.pl\/plytki\/#organization"},"potentialAction":[{"@type":"SearchAction","target":{"@type":"EntryPoint","urlTemplate":"https:\/\/dimex.pl\/plytki\/?s={search_term_string}"},"query-input":"required name=search_term_string"}],"inLanguage":"pl-PL"},{"@type":"WebPage","@id":"https:\/\/dimex.pl\/plytki\/obowiazek-informacyjny\/#webpage","url":"https:\/\/dimex.pl\/plytki\/obowiazek-informacyjny\/","name":"Obowi\u0105zek Informacyjny - P.P.H.U. &quot;DIMEX&quot; Sp. z o.o.","isPartOf":{"@id":"https:\/\/dimex.pl\/plytki\/#website"},"datePublished":"2023-05-22T06:23:23+00:00","dateModified":"2023-05-22T06:23:25+00:00","breadcrumb":{"@id":"https:\/\/dimex.pl\/plytki\/obowiazek-informacyjny\/#breadcrumb"},"inLanguage":"pl-PL","potentialAction":[{"@type":"ReadAction","target":["https:\/\/dimex.pl\/plytki\/obowiazek-informacyjny\/"]}]},{"@type":"BreadcrumbList","@id":"https:\/\/dimex.pl\/plytki\/obowiazek-informacyjny\/#breadcrumb","itemListElement":[{"@type":"ListItem","position":1,"name":"Strona g\u0142\u00f3wna","item":"https:\/\/dimex.pl\/plytki\/"},{"@type":"ListItem","position":2,"name":"Obowi\u0105zek Informacyjny"}]}]}},"_links":{"self":[{"href":"https:\/\/dimex.pl\/plytki\/wp-json\/wp\/v2\/pages\/895"}],"collection":[{"href":"https:\/\/dimex.pl\/plytki\/wp-json\/wp\/v2\/pages"}],"about":[{"href":"https:\/\/dimex.pl\/plytki\/wp-json\/wp\/v2\/types\/page"}],"author":[{"embeddable":true,"href":"https:\/\/dimex.pl\/plytki\/wp-json\/wp\/v2\/users\/1"}],"replies":[{"embeddable":true,"href":"https:\/\/dimex.pl\/plytki\/wp-json\/wp\/v2\/comments?post=895"}],"version-history":[{"count":2,"href":"https:\/\/dimex.pl\/plytki\/wp-json\/wp\/v2\/pages\/895\/revisions"}],"predecessor-version":[{"id":897,"href":"https:\/\/dimex.pl\/plytki\/wp-json\/wp\/v2\/pages\/895\/revisions\/897"}],"wp:attachment":[{"href":"https:\/\/dimex.pl\/plytki\/wp-json\/wp\/v2\/media?parent=895"}],"curies":[{"name":"wp","href":"https:\/\/api.w.org\/{rel}","templated":true}]}}