{"id":901,"date":"2023-05-22T08:33:39","date_gmt":"2023-05-22T06:33:39","guid":{"rendered":"https:\/\/dimex.pl\/kontenery-morskie\/?page_id=901"},"modified":"2023-05-22T08:33:39","modified_gmt":"2023-05-22T06:33:39","slug":"polityka-prywatnosci","status":"publish","type":"page","link":"https:\/\/dimex.pl\/kontenery-morskie\/polityka-prywatnosci\/","title":{"rendered":"Polityka Prywatno\u015bci"},"content":{"rendered":"<h1 style=\"text-align: left;\">POLITYKA PRYWATNO\u015aCI SERWISU<br \/><strong>www.dimex.pl<\/strong><\/h1>\n<p style=\"text-align: justify;\">Ochrona prywatno\u015bci U\u017cytkownik&oacute;w jest dla <strong>PRZESI\u0118BIORSTWO PRODUKCYJNO-HANDLOWO-US\u0141UGOWE &#8222;DIMEX&#8221; SP&Oacute;\u0141KA Z OGRANICZON\u0104 ODPOWIEDZIALNO\u015aCI\u0104<\/strong> szczeg&oacute;lnie wa\u017cna. Z tego wzgl\u0119du U\u017cytkownicy Serwisu <strong>www.dimex.pl<\/strong> maj\u0105 zagwarantowane wysokie standardy ochrony prywatno\u015bci. <strong>PRZESI\u0118BIORSTWO PRODUKCYJNO-HANDLOWO-US\u0141UGOWE &#8222;DIMEX&#8221; SP&Oacute;\u0141KA Z OGRANICZON\u0104 ODPOWIEDZIALNO\u015aCI\u0104<\/strong> jako Administrator danych dba o bezpiecze\u0144stwo udost\u0119pnionych przez U\u017cytkownik&oacute;w danych.<\/p>\n<p style=\"text-align: justify;\">Celem Administratora jest r&oacute;wnie\u017c nale\u017cyte informowanie U\u017cytkownik&oacute;w o prawach i obowi\u0105zkach zwi\u0105zanych z przetwarzaniem danych osobowych, szczeg&oacute;lnie wobec tre\u015bci przepis&oacute;w o ochronie danych osobowych okre\u015blonych w rozporz\u0105dzeniu Parlamentu Europejskiego i Rady (UE) 2016\/679 z dnia 27.04.2016r. w sprawie ochrony os&oacute;b fizycznych w zwi\u0105zku z przetwarzaniem danych osobowych i w sprawie swobodnego przep\u0142ywu takich danych oraz uchylenia dyrektywy 95\/46\/WE (dalej jako &bdquo;RODO&rdquo;). Dlatego te\u017c, dbaj\u0105c o ochron\u0119 prywatno\u015bci U\u017cytkownik&oacute;w Serwisu, w niniejszym dokumencie Administrator informuje o podstawach prawnych przetwarzania danych osobowych przekazanych przez U\u017cytkownik&oacute;w w zwi\u0105zku z korzystaniem przez nich z Serwisu <strong><a href=\"http:\/\/www.dimex.pl\">www.dimex.pl<\/a>&nbsp;<\/strong><em>(dalej jako &bdquo;Serwis&rdquo;)<\/em>, sposobach zbierania, przetwarzania i ochrony danych osobowych, a tak\u017ce o prawach U\u017cytkownik&oacute;w.<\/p>\n<p style=\"text-align: justify;\">U\u017cytkownikiem jest ka\u017cda osoba fizyczna, kt&oacute;rej dane dotycz\u0105, korzystaj\u0105ca z serwisu internetowego <strong>www.dimex.pl<\/strong> lub us\u0142ug elektronicznych dost\u0119pnych za po\u015brednictwem Serwisu.<\/p>\n<p style=\"text-align: justify;\">Administratorem danych osobowych udost\u0119pnionych przez U\u017cytkownika w Serwisie <strong>www.dimex.pl<\/strong> jest <strong>PRZESI\u0118BIORSTWO PRODUKCYJNO-HANDLOWO-US\u0141UGOWE &#8222;DIMEX&#8221; SP&Oacute;\u0141KA Z OGRANICZON\u0104 ODPOWIEDZIALNO\u015aCI\u0104, Zygmunta Krasi\u0144skiego 20A, 40-019 Katowice, NIP 6340130532, <\/strong><em>(dalej jako &bdquo;Administrator&rdquo;)<\/em>.<\/p>\n<ol style=\"text-align: justify;\">\n<li><strong>ZGODA U\u017bYTKOWNIKA<\/strong>\n<p>Korzystanie z Serwisu <strong>www.dimex.pl<\/strong> przez U\u017cytkownika oznacza, \u017ce U\u017cytkownik akceptuje, \u017ce Administrator gromadzi oraz wykorzystuje dane osobowe zgodnie z niniejsz\u0105 Polityk\u0105 Prywatno\u015bci.<\/p>\n<p>Dane osobowe U\u017cytkownika Serwisu s\u0105 przetwarzane przez Administratora w oparciu o jego zgod\u0119, za\u015b w niekt&oacute;rych przypadkach opisanych w niniejszym dokumencie, w ramach prawnie uzasadnionego interesu Administratora. U\u017cytkownik ma prawo w dowolnym momencie wycofa\u0107 wyra\u017con\u0105 wcze\u015bniej zgod\u0119. Wycofanie zgody nie wp\u0142ywa na zgodno\u015b\u0107 z prawem przetwarzania, kt&oacute;rego dokonano na podstawie zgody przed jej wycofaniem.<\/p>\n<p>W przypadku, gdy nast\u0105pi zmiana niniejszej Polityki Prywatno\u015bci, a U\u017cytkownik nadal b\u0119dzie korzysta\u0142 z Serwisu, to poczytuje si\u0119 to za wyra\u017cenie zgody na aktualne warunki Polityki Prywatno\u015bci.<\/p>\n<\/li>\n<li><strong>DANE OSOBOWE PRZETWARZANE PRZEZ ADMINISTRATORA<\/strong>\n<ol>\n<li><strong>Spos&oacute;b pozyskiwania danych osobowych<\/strong>\n<p>Administrator pozyskuje dane osobowe bezpo\u015brednio od U\u017cytkownika za po\u015brednictwem Serwisu, poprzez dost\u0119pne w nim funkcjonalno\u015bci i narz\u0119dzia do komunikacji oraz przes\u0142anie za ich po\u015brednictwem wiadomo\u015bci do Administratora.<\/p>\n<p>Podanie danych osobowych przez U\u017cytkownika jest dobrowolne.<\/p>\n<\/li>\n<li><strong>Rodzaje przetwarzanych danych osobowych<\/strong>\n<p>Administrator gromadzi za po\u015brednictwem Serwisu nast\u0119puj\u0105ce dane osobowe dotycz\u0105ce U\u017cytkownika:<\/p>\n<ol>\n<li>Imi\u0119 i nazwisko;<\/li>\n<li>Adres e-mail;<\/li>\n<li>Numer telefonu;<\/li>\n<li>Tre\u015b\u0107 wiadomo\u015bci;<\/li>\n<li>Temat wiadomo\u015bci.<\/li>\n<\/ol>\n<\/li>\n<\/ol>\n<\/li>\n<li><strong>CELE PRZETWARZANIA DANYCH OSOBOWYCH<\/strong>\n<p>Spos&oacute;b przetwarzania przez Administratora danych dotycz\u0105cych U\u017cytkownika zale\u017cy od sposobu korzystania przez U\u017cytkownika z Serwisu i dost\u0119pnych w nim funkcjonalno\u015bci. Administrator przetwarza dane osobowe U\u017cytkownika w nast\u0119puj\u0105cych celach:<\/p>\n<ol>\n<li><strong>Komunikacji z U\u017cytkownikiem.<\/strong>\n<p>Administrator wykorzystuje dane osobowe U\u017cytkownika w celu komunikacji z nim w spersonalizowany spos&oacute;b. Komunikowane U\u017cytkownikowi informacje dotycz\u0105 oferowanych produkt&oacute;w lub us\u0142ug, bezpiecze\u0144stwa danych osobowych, aktualizacji sieci, przypomnie\u0144, ale r&oacute;wnie\u017c sugerowanych ofert Administratora lub jego partner&oacute;w. Komunikacja z U\u017cytkownikiem dotyczy tak\u017ce obs\u0142ugi U\u017cytkownika. Dane osobowe wykorzystywane s\u0105 w celu pomocy U\u017cytkownikowi, rozwi\u0105zaniu problem&oacute;w technicznych oraz odpowiedzi na jego skargi lub reklamacje.<\/p>\n<\/li>\n<li><strong>Przedstawiania U\u017cytkownikowi ofert handlowych drog\u0105 elektroniczn\u0105.<\/strong>\n<p>Celem korzystania z danych osobowych U\u017cytkownika udost\u0119pnionych przez niego za po\u015brednictwem funkcjonalno\u015bci i narz\u0119dzi do komunikacji dost\u0119pnych w Serwisie jest komunikacja marketingowa prowadzona przez Administratora w ramach prowadzonej dzia\u0142alno\u015bci, w szczeg&oacute;lno\u015bci przedstawianie ofert handlowych U\u017cytkownikowi drog\u0105 elektroniczn\u0105.<\/p>\n<\/li>\n<li><strong>Przedstawiania U\u017cytkownikowi ofert handlowych w kontakcie telefonicznym.<\/strong>\n<p>Celem korzystania z danych osobowych U\u017cytkownika udost\u0119pnionych przez niego za po\u015brednictwem funkcjonalno\u015bci i narz\u0119dzi do komunikacji dost\u0119pnych w Serwisie jest komunikacja marketingowa prowadzona przez Administratora w ramach prowadzonej dzia\u0142alno\u015bci, w szczeg&oacute;lno\u015bci poprzez przedstawianie ofert handlowych U\u017cytkownikowi w kontakcie telefonicznym.<\/p>\n<\/li>\n<li><strong>Umo\u017cliwienia przesy\u0142ania przez U\u017cytkownika komentarzy lub opinii.<\/strong>\n<p>Administrator wykorzystuje dane osobowe U\u017cytkownika w celu umo\u017cliwienia mu komentowania\/opiniowania dzia\u0142alno\u015bci, us\u0142ug lub produkt&oacute;w Administratora lub podmiot&oacute;w z nim wsp&oacute;\u0142pracuj\u0105cych.<\/p>\n<\/li>\n<\/ol>\n<p>Administrator mo\u017ce przetwarza\u0107 dane osobowe U\u017cytkownika pozyskane za po\u015brednictwem Serwisu r&oacute;wnie\u017c w nast\u0119puj\u0105cych celach:<\/p>\n<ol>\n<li>w celu zawarcia i realizacji ewentualnej umowy pomi\u0119dzy U\u017cytkownikiem a Administratorem oraz obs\u0142ugi U\u017cytkownika jako klienta Administratora zgodnie z art. 6 ust. 1 lit. b) RODO;<\/li>\n<li>w celu prowadzenia rozlicze\u0144 finansowych z U\u017cytkownikiem b\u0119d\u0105cym klientem Administratora tytu\u0142em realizacji ewentualnej umowy zawartej mi\u0119dzy stronami, a tak\u017ce ewentualnego dochodzenia roszcze\u0144 od U\u017cytkownika b\u0119d\u0105cego klientem w ramach prawnie uzasadnionego interesu Administratora zgodnie z art. 6 ust. 1 lit. f) RODO oraz spe\u0142nienia obowi\u0105zk&oacute;w prawnych Administratora wobec organ&oacute;w podatkowych na podstawie odr\u0119bnych przepis&oacute;w zgodnie z art. 6 ust. 1 lit. c) RODO;<\/li>\n<li>w celu realizacji dzia\u0142a\u0144 marketingowych Administratora w ramach prawnie uzasadnionego interesu Administratora w rozumieniu art. 6 ust. 1 lit. f) RODO, a tak\u017ce zgodnie z o\u015bwiadczeniami woli dotycz\u0105cymi komunikacji marketingowej z\u0142o\u017conymi wobec Administratora. Zgody udzielone w zakresie komunikacji marketingowej (np. na przesy\u0142anie informacji handlowych drog\u0105 elektroniczn\u0105 lub kontakt telefoniczny w celach marketingu bezpo\u015bredniego) mog\u0105 by\u0107 wycofane w dowolnym czasie, bez wp\u0142ywu na zgodno\u015b\u0107 z prawem przetwarzania, kt&oacute;rego dokonano na podstawie zgody przed jej cofni\u0119ciem;<\/li>\n<li>w celu realizacji obowi\u0105zk&oacute;w prawnych Administratora wobec U\u017cytkownika okre\u015blonych w RODO, w rozumieniu art. 6 ust. 1 lit. c) RODO.<\/li>\n<\/ol>\n<\/li>\n<li><strong>UDOST\u0118PNIANIE DANYCH OSOBOWYCH<\/strong>\n<p>Dane osobowe U\u017cytkownika nie s\u0105 przekazywane przez Administratora podmiotom trzecim.<\/p>\n<\/li>\n<li><strong>PRAWA U\u017bYTKOWNIKA<\/strong>\n<ol>\n<li><strong>Prawa U\u017cytkownika <\/strong>\n<p>U\u017cytkownik na ka\u017cdym etapie przetwarzania jego danych zapewniony ma szereg uprawnie\u0144 pozwalaj\u0105cych mu uzyska\u0107 dost\u0119p do swoich danych, weryfikacj\u0119 prawid\u0142owo\u015bci przetwarzania danych, ich korekt\u0119, jak r&oacute;wnie\u017c ma prawo zg\u0142oszenia sprzeciwu wobec ich przetwarzania, mo\u017ce \u017c\u0105da\u0107 usuni\u0119cia danych, ograniczenia przetwarzania lub przeniesienia danych.<\/p>\n<p>W przypadku ch\u0119ci skorzystania przez U\u017cytkownika z przys\u0142uguj\u0105cych mu praw jako podmiotu danych osobowych, mo\u017ce on si\u0119 skontaktowa\u0107 z Administratorem za pomoc\u0105 nast\u0119puj\u0105cych danych kontaktowych: <strong> PRZESI\u0118BIORSTWO PRODUKCYJNO-HANDLOWO-US\u0141UGOWE &#8222;DIMEX&#8221; SP&Oacute;\u0141KA Z OGRANICZON\u0104 ODPOWIEDZIALNO\u015aCI\u0104, Zygmunta Krasi\u0144skiego 20A, 40-019 Katowice, dimex@dimex.pl.<\/strong><\/p>\n<\/li>\n<li><strong>Prawo wniesienia skargi do organu nadzorczego<\/strong>\n<p>U\u017cytkownik, kt&oacute;rego dane osobowe s\u0105 przetwarzane przez Administratora ma prawo wnie\u015b\u0107 skarg\u0119 do organu nadzoru w\u0142a\u015bciwego w sprawach ochrony danych osobowych (Prezesa Urz\u0119du Ochrony Danych Osobowych).<\/p>\n<\/li>\n<\/ol>\n<\/li>\n<li><strong>PLIKI COOKIES<\/strong>\n<ol>\n<ol>Administrator informuje, i\u017c podczas korzystania z Serwisu w urz\u0105dzeniu ko\u0144cowym U\u017cytkownika zapisywane s\u0105 fragmenty kodu zwane &bdquo;cookies&rdquo;, kt&oacute;re s\u0105 plikami tekstowymi odpowiadaj\u0105cymi zapytaniom HTTP kierowanym do serwera Administratora. Pliki &bdquo;cookies&rdquo; s\u0105 instalowane przez ka\u017cd\u0105 przegl\u0105dark\u0119, z kt&oacute;rej U\u017cytkownik odwiedza Serwis. Pliki &bdquo;cookies&rdquo; wykorzystywane s\u0105 w Serwisie w celu:<\/p>\n<ol>\n<li>utrzymania technicznej poprawno\u015bci i ci\u0105g\u0142o\u015bci sesji pomi\u0119dzy serwerem Serwisu a urz\u0105dzeniem ko\u0144cowym U\u017cytkownika;<\/li>\n<li>optymalizacji korzystania przez U\u017cytkownika ze stron internetowych Serwisu i dostosowania sposobu ich wy\u015bwietlania na urz\u0105dzeniu ko\u0144cowym U\u017cytkownika;<\/li>\n<li>zapewnienia bezpiecze\u0144stwa korzystania z Serwisu;<\/li>\n<li>zbierania statystyk odwiedzin stron Serwisu wspieraj\u0105cych ulepszanie ich struktury i zawarto\u015bci;<\/li>\n<li>wy\u015bwietlania na urz\u0105dzeniu ko\u0144cowym U\u017cytkownika tre\u015bci dostosowanych do jego preferencji.<\/li>\n<\/ol>\n<\/ol>\n<\/ol>\n<p>Szczeg&oacute;\u0142owe informacje odno\u015bnie stosowanych przez Administratora plik&oacute;w cookie oraz zarz\u0105dzania nimi dost\u0119pne s\u0105 w&nbsp;<span style=\"text-decoration: underline;\"><a href=\"\/polityka-cookies\" target=\"_blank\" rel=\"noopener\">Polityce Cookies<\/a><\/span>.<\/p>\n<\/li>\n<li><strong>INNE WA\u017bNE INFORMACJE<\/strong>\n<ol>\n<li><strong>Ochrona bezpiecze\u0144stwa danych osobowych<\/strong>\n<p>Administrator wprowadza odpowiednie \u015brodki maj\u0105ce na celu zapewnienie bezpiecze\u0144stwa danych osobowych U\u017cytkownika. Bezpieczne korzystanie z Serwisu zapewniaj\u0105 stosowane systemy oraz procedury chroni\u0105ce przed dost\u0119pem oraz ujawnieniem danych osobom niepo\u017c\u0105danym. Ponadto stosowane przez Administratora systemy oraz procesy s\u0105 regularnie monitorowane w celu wykrycia ewentualnych zagro\u017ce\u0144. Pozyskane przez Administratora dane osobowe przechowywane s\u0105 w systemach komputerowych, do kt&oacute;rych dost\u0119p jest \u015bci\u015ble ograniczony.<\/p>\n<\/li>\n<li><strong>Przechowywanie danych osobowych<\/strong>\n<p>Okres przechowywania danych osobowych U\u017cytkownik&oacute;w uzale\u017cniony jest od cel&oacute;w przetwarzania przez Administratora danych.<br \/> Administrator przechowuje dane osobowe przez taki okres, jaki jest konieczny do osi\u0105gni\u0119cia okre\u015blonych cel&oacute;w, tj.:<\/p>\n<ul>\n<li>przez okres prowadzenia dzia\u0142alno\u015bci gospodarczej przez Administratora.<\/li>\n<\/ul>\n<p>W ka\u017cdym z powy\u017cszych przypadk&oacute;w, po up\u0142ywie niezb\u0119dnego okresu przetwarzania, dane mog\u0105 by\u0107 przetwarzane tylko w celu dochodzenia roszcze\u0144 na tle \u0142\u0105cz\u0105cych strony relacji do czasu ostatecznego rozstrzygni\u0119cia tych roszcze\u0144 na drodze prawnej.<\/p>\n<\/li>\n<li><strong>Zmiany Polityki prywatno\u015bci<\/strong>\n<p>W celu uaktualnienia informacji zawartych w niniejszej Polityce prywatno\u015bci oraz jej zgodno\u015bci z obowi\u0105zuj\u0105cymi przepisami prawa, niniejsza Polityka prywatno\u015bci mo\u017ce ulec zmianie. W przypadku zmiany tre\u015bci Polityki prywatno\u015bci, zmieniona zostanie data jej aktualizacji wskazana na ko\u0144cu jej tekstu. W celu zasi\u0119gni\u0119cia informacji o sposobie ochrony danych osobowych, Administrator rekomenduje U\u017cytkownikom regularne zapoznawanie si\u0119 z postanowieniami Polityki Prywatno\u015bci.<\/p>\n<\/li>\n<li><strong>Informacje kontaktowe<\/strong>\n<p>W celu uzyskania jakichkolwiek informacji dotycz\u0105cych niniejszej Polityki Prywatno\u015bci, U\u017cytkownik mo\u017ce skontaktowa\u0107 si\u0119 z Administratorem danych osobowych: <strong> PRZESI\u0118BIORSTWO PRODUKCYJNO-HANDLOWO-US\u0141UGOWE &#8222;DIMEX&#8221; SP&Oacute;\u0141KA Z OGRANICZON\u0104 ODPOWIEDZIALNO\u015aCI\u0104, Zygmunta Krasi\u0144skiego 20A, 40-019 Katowice, <\/strong> z wykorzystaniem nast\u0119puj\u0105cych danych kontaktowych: <strong>dimex@dimex.pl.<\/strong><\/p>\n<p>Ponadto istnieje r&oacute;wnie\u017c mo\u017cliwo\u015b\u0107 kontaktu drog\u0105 pocztow\u0105 pod adresem: <strong>Zygmunta Krasi\u0144skiego 20A, 40-019 Katowice<\/strong>.<\/p>\n<\/li>\n<\/ol>\n<\/li>\n<\/ol>\n<p style=\"text-align: justify;\">Ostatnia aktualizacja niniejszego dokumentu mia\u0142a miejsce dnia 22.05.2023.<\/p>\n","protected":false},"excerpt":{"rendered":"<p>POLITYKA PRYWATNO\u015aCI SERWISUwww.dimex.pl Ochrona prywatno\u015bci U\u017cytkownik&oacute;w jest dla PRZESI\u0118BIORSTWO PRODUKCYJNO-HANDLOWO-US\u0141UGOWE &#8222;DIMEX&#8221; SP&Oacute;\u0141KA Z OGRANICZON\u0104 ODPOWIEDZIALNO\u015aCI\u0104 szczeg&oacute;lnie wa\u017cna. Z tego wzgl\u0119du U\u017cytkownicy Serwisu www.dimex.pl maj\u0105 zagwarantowane wysokie standardy ochrony prywatno\u015bci. PRZESI\u0118BIORSTWO PRODUKCYJNO-HANDLOWO-US\u0141UGOWE &#8222;DIMEX&#8221; SP&Oacute;\u0141KA Z OGRANICZON\u0104 ODPOWIEDZIALNO\u015aCI\u0104 jako Administrator danych dba o bezpiecze\u0144stwo udost\u0119pnionych przez U\u017cytkownik&oacute;w&#8230;<\/p>\n","protected":false},"author":1,"featured_media":0,"parent":0,"menu_order":0,"comment_status":"closed","ping_status":"closed","template":"","meta":[],"yoast_head":"<!-- This site is optimized with the Yoast SEO plugin v18.1 - https:\/\/yoast.com\/wordpress\/plugins\/seo\/ -->\n<meta name=\"robots\" content=\"index, follow, max-snippet:-1, max-image-preview:large, max-video-preview:-1\" \/>\n<link rel=\"canonical\" href=\"https:\/\/dimex.pl\/kontenery-morskie\/polityka-prywatnosci\/\" \/>\n<meta property=\"og:locale\" content=\"pl_PL\" \/>\n<meta property=\"og:type\" content=\"article\" \/>\n<meta property=\"og:title\" content=\"Polityka Prywatno\u015bci - P.P.H.U. &quot;DIMEX&quot; Sp. z o.o.\" \/>\n<meta property=\"og:description\" content=\"POLITYKA PRYWATNO\u015aCI SERWISUwww.dimex.pl Ochrona prywatno\u015bci U\u017cytkownik&oacute;w jest dla PRZESI\u0118BIORSTWO PRODUKCYJNO-HANDLOWO-US\u0141UGOWE &#8222;DIMEX&#8221; SP&Oacute;\u0141KA Z OGRANICZON\u0104 ODPOWIEDZIALNO\u015aCI\u0104 szczeg&oacute;lnie wa\u017cna. Z tego wzgl\u0119du U\u017cytkownicy Serwisu www.dimex.pl maj\u0105 zagwarantowane wysokie standardy ochrony prywatno\u015bci. PRZESI\u0118BIORSTWO PRODUKCYJNO-HANDLOWO-US\u0141UGOWE &#8222;DIMEX&#8221; SP&Oacute;\u0141KA Z OGRANICZON\u0104 ODPOWIEDZIALNO\u015aCI\u0104 jako Administrator danych dba o bezpiecze\u0144stwo udost\u0119pnionych przez U\u017cytkownik&oacute;w...\" \/>\n<meta property=\"og:url\" content=\"https:\/\/dimex.pl\/kontenery-morskie\/polityka-prywatnosci\/\" \/>\n<meta property=\"og:site_name\" content=\"P.P.H.U. &quot;DIMEX&quot; Sp. z o.o.\" \/>\n<meta name=\"twitter:card\" content=\"summary\" \/>\n<meta name=\"twitter:label1\" content=\"Szacowany czas czytania\" \/>\n\t<meta name=\"twitter:data1\" content=\"8 minut\" \/>\n<script type=\"application\/ld+json\" class=\"yoast-schema-graph\">{\"@context\":\"https:\/\/schema.org\",\"@graph\":[{\"@type\":\"Organization\",\"@id\":\"https:\/\/dimex.pl\/kontenery-morskie\/#organization\",\"name\":\"P.P.H.U. \\\"DIMEX\\\" Sp. z o.o.\",\"url\":\"https:\/\/dimex.pl\/kontenery-morskie\/\",\"sameAs\":[],\"logo\":{\"@type\":\"ImageObject\",\"@id\":\"https:\/\/dimex.pl\/kontenery-morskie\/#logo\",\"inLanguage\":\"pl-PL\",\"url\":\"https:\/\/dimex.pl\/kontenery-morskie\/wp-content\/uploads\/2017\/10\/logo.gif\",\"contentUrl\":\"https:\/\/dimex.pl\/kontenery-morskie\/wp-content\/uploads\/2017\/10\/logo.gif\",\"width\":240,\"height\":170,\"caption\":\"P.P.H.U. \\\"DIMEX\\\" Sp. z o.o.\"},\"image\":{\"@id\":\"https:\/\/dimex.pl\/kontenery-morskie\/#logo\"}},{\"@type\":\"WebSite\",\"@id\":\"https:\/\/dimex.pl\/kontenery-morskie\/#website\",\"url\":\"https:\/\/dimex.pl\/kontenery-morskie\/\",\"name\":\"P.P.H.U. &quot;DIMEX&quot; Sp. z o.o.\",\"description\":\"\",\"publisher\":{\"@id\":\"https:\/\/dimex.pl\/kontenery-morskie\/#organization\"},\"potentialAction\":[{\"@type\":\"SearchAction\",\"target\":{\"@type\":\"EntryPoint\",\"urlTemplate\":\"https:\/\/dimex.pl\/kontenery-morskie\/?s={search_term_string}\"},\"query-input\":\"required name=search_term_string\"}],\"inLanguage\":\"pl-PL\"},{\"@type\":\"WebPage\",\"@id\":\"https:\/\/dimex.pl\/kontenery-morskie\/polityka-prywatnosci\/#webpage\",\"url\":\"https:\/\/dimex.pl\/kontenery-morskie\/polityka-prywatnosci\/\",\"name\":\"Polityka Prywatno\u015bci - P.P.H.U. &quot;DIMEX&quot; Sp. z o.o.\",\"isPartOf\":{\"@id\":\"https:\/\/dimex.pl\/kontenery-morskie\/#website\"},\"datePublished\":\"2023-05-22T06:33:39+00:00\",\"dateModified\":\"2023-05-22T06:33:39+00:00\",\"breadcrumb\":{\"@id\":\"https:\/\/dimex.pl\/kontenery-morskie\/polityka-prywatnosci\/#breadcrumb\"},\"inLanguage\":\"pl-PL\",\"potentialAction\":[{\"@type\":\"ReadAction\",\"target\":[\"https:\/\/dimex.pl\/kontenery-morskie\/polityka-prywatnosci\/\"]}]},{\"@type\":\"BreadcrumbList\",\"@id\":\"https:\/\/dimex.pl\/kontenery-morskie\/polityka-prywatnosci\/#breadcrumb\",\"itemListElement\":[{\"@type\":\"ListItem\",\"position\":1,\"name\":\"Strona g\u0142\u00f3wna\",\"item\":\"https:\/\/dimex.pl\/kontenery-morskie\/\"},{\"@type\":\"ListItem\",\"position\":2,\"name\":\"Polityka Prywatno\u015bci\"}]}]}<\/script>\n<!-- \/ Yoast SEO plugin. -->","yoast_head_json":{"robots":{"index":"index","follow":"follow","max-snippet":"max-snippet:-1","max-image-preview":"max-image-preview:large","max-video-preview":"max-video-preview:-1"},"canonical":"https:\/\/dimex.pl\/kontenery-morskie\/polityka-prywatnosci\/","og_locale":"pl_PL","og_type":"article","og_title":"Polityka Prywatno\u015bci - P.P.H.U. &quot;DIMEX&quot; Sp. z o.o.","og_description":"POLITYKA PRYWATNO\u015aCI SERWISUwww.dimex.pl Ochrona prywatno\u015bci U\u017cytkownik&oacute;w jest dla PRZESI\u0118BIORSTWO PRODUKCYJNO-HANDLOWO-US\u0141UGOWE &#8222;DIMEX&#8221; SP&Oacute;\u0141KA Z OGRANICZON\u0104 ODPOWIEDZIALNO\u015aCI\u0104 szczeg&oacute;lnie wa\u017cna. Z tego wzgl\u0119du U\u017cytkownicy Serwisu www.dimex.pl maj\u0105 zagwarantowane wysokie standardy ochrony prywatno\u015bci. PRZESI\u0118BIORSTWO PRODUKCYJNO-HANDLOWO-US\u0141UGOWE &#8222;DIMEX&#8221; SP&Oacute;\u0141KA Z OGRANICZON\u0104 ODPOWIEDZIALNO\u015aCI\u0104 jako Administrator danych dba o bezpiecze\u0144stwo udost\u0119pnionych przez U\u017cytkownik&oacute;w...","og_url":"https:\/\/dimex.pl\/kontenery-morskie\/polityka-prywatnosci\/","og_site_name":"P.P.H.U. &quot;DIMEX&quot; Sp. z o.o.","twitter_card":"summary","twitter_misc":{"Szacowany czas czytania":"8 minut"},"schema":{"@context":"https:\/\/schema.org","@graph":[{"@type":"Organization","@id":"https:\/\/dimex.pl\/kontenery-morskie\/#organization","name":"P.P.H.U. \"DIMEX\" Sp. z o.o.","url":"https:\/\/dimex.pl\/kontenery-morskie\/","sameAs":[],"logo":{"@type":"ImageObject","@id":"https:\/\/dimex.pl\/kontenery-morskie\/#logo","inLanguage":"pl-PL","url":"https:\/\/dimex.pl\/kontenery-morskie\/wp-content\/uploads\/2017\/10\/logo.gif","contentUrl":"https:\/\/dimex.pl\/kontenery-morskie\/wp-content\/uploads\/2017\/10\/logo.gif","width":240,"height":170,"caption":"P.P.H.U. \"DIMEX\" Sp. z o.o."},"image":{"@id":"https:\/\/dimex.pl\/kontenery-morskie\/#logo"}},{"@type":"WebSite","@id":"https:\/\/dimex.pl\/kontenery-morskie\/#website","url":"https:\/\/dimex.pl\/kontenery-morskie\/","name":"P.P.H.U. &quot;DIMEX&quot; Sp. z o.o.","description":"","publisher":{"@id":"https:\/\/dimex.pl\/kontenery-morskie\/#organization"},"potentialAction":[{"@type":"SearchAction","target":{"@type":"EntryPoint","urlTemplate":"https:\/\/dimex.pl\/kontenery-morskie\/?s={search_term_string}"},"query-input":"required name=search_term_string"}],"inLanguage":"pl-PL"},{"@type":"WebPage","@id":"https:\/\/dimex.pl\/kontenery-morskie\/polityka-prywatnosci\/#webpage","url":"https:\/\/dimex.pl\/kontenery-morskie\/polityka-prywatnosci\/","name":"Polityka Prywatno\u015bci - P.P.H.U. &quot;DIMEX&quot; Sp. z o.o.","isPartOf":{"@id":"https:\/\/dimex.pl\/kontenery-morskie\/#website"},"datePublished":"2023-05-22T06:33:39+00:00","dateModified":"2023-05-22T06:33:39+00:00","breadcrumb":{"@id":"https:\/\/dimex.pl\/kontenery-morskie\/polityka-prywatnosci\/#breadcrumb"},"inLanguage":"pl-PL","potentialAction":[{"@type":"ReadAction","target":["https:\/\/dimex.pl\/kontenery-morskie\/polityka-prywatnosci\/"]}]},{"@type":"BreadcrumbList","@id":"https:\/\/dimex.pl\/kontenery-morskie\/polityka-prywatnosci\/#breadcrumb","itemListElement":[{"@type":"ListItem","position":1,"name":"Strona g\u0142\u00f3wna","item":"https:\/\/dimex.pl\/kontenery-morskie\/"},{"@type":"ListItem","position":2,"name":"Polityka Prywatno\u015bci"}]}]}},"_links":{"self":[{"href":"https:\/\/dimex.pl\/kontenery-morskie\/wp-json\/wp\/v2\/pages\/901"}],"collection":[{"href":"https:\/\/dimex.pl\/kontenery-morskie\/wp-json\/wp\/v2\/pages"}],"about":[{"href":"https:\/\/dimex.pl\/kontenery-morskie\/wp-json\/wp\/v2\/types\/page"}],"author":[{"embeddable":true,"href":"https:\/\/dimex.pl\/kontenery-morskie\/wp-json\/wp\/v2\/users\/1"}],"replies":[{"embeddable":true,"href":"https:\/\/dimex.pl\/kontenery-morskie\/wp-json\/wp\/v2\/comments?post=901"}],"version-history":[{"count":1,"href":"https:\/\/dimex.pl\/kontenery-morskie\/wp-json\/wp\/v2\/pages\/901\/revisions"}],"predecessor-version":[{"id":902,"href":"https:\/\/dimex.pl\/kontenery-morskie\/wp-json\/wp\/v2\/pages\/901\/revisions\/902"}],"wp:attachment":[{"href":"https:\/\/dimex.pl\/kontenery-morskie\/wp-json\/wp\/v2\/media?parent=901"}],"curies":[{"name":"wp","href":"https:\/\/api.w.org\/{rel}","templated":true}]}}