{"id":948,"date":"2022-01-10T09:35:10","date_gmt":"2022-01-10T08:35:10","guid":{"rendered":"https:\/\/www.dimex.pl\/koks\/?page_id=948"},"modified":"2026-02-12T14:35:07","modified_gmt":"2026-02-12T13:35:07","slug":"krystaliczny","status":"publish","type":"page","link":"https:\/\/dimex.pl\/koks\/produkty\/grafit\/krystaliczny\/","title":{"rendered":"Grafit naturalny krystaliczny"},"content":{"rendered":"\n<p>Dost\u0119pny w naszej ofercie <strong>grafit krystaliczny<\/strong>, nazywany te\u017c grafitem \u017cy\u0142owym b\u0105d\u017a \u017cy\u0142\u0105 krystaliczn\u0105, wydobywany jest z \u017cy\u0142 i szczelin ska\u0142 o wysokiej czysto\u015bci. Przypuszcza si\u0119, \u017ce grafit \u017cy\u0142owy powsta\u0142 ze z\u0142\u00f3\u017c ropy naftowej, na kt\u00f3r\u0105 oddzia\u0142ywa\u0142y r\u00f3\u017cne czynniki fizyczne. Grafit krystaliczny pozyskuje si\u0119 metodami powierzchniowymi lub szybowymi i cho\u0107 wyst\u0119puje on na ca\u0142ym \u015bwiecie, do cel\u00f3w hurtowych wydobywany jest jedynie na Sri Lance. Do w\u0142a\u015bciwo\u015bci grafitu krystalicznego zalicza si\u0119 <strong>odporno\u015b\u0107 na wi\u0119kszo\u015b\u0107 kwas\u00f3w i zasad <\/strong>(z wy\u0142\u0105czeniem gor\u0105cego kwasu siarkowego i azotowego), wytrzyma\u0142o\u015b\u0107 na wysok\u0105 temperatur\u0119 oraz brak podatno\u015bci na korozj\u0119.<br><\/p>\n\n\n\n<br><h2>Do czego wykorzystywany jest grafit \u017cy\u0142owy?<\/h2><br>\n\n\n\n<p>Grafit krystaliczny poddany odpowiednim procesom przekszta\u0142cany jest w drobno zmielony proszek. Podobnie jak grafit amorficzny stosuje si\u0119 go jako suchy smar. Tego typu \u015brodek smarny <strong>wykorzystywany jest do smarowania maszyn pracuj\u0105cych w wysokich temperaturach<\/strong> i pod wysokim ci\u015bnieniem. Ponadto u\u017cywa si\u0119 go do rozmontowywania \u015brubek i innych element\u00f3w roz\u0142\u0105cznych oraz docierania cz\u0119\u015bci maszyn takich, jak \u0142o\u017cyska i sworznie.<br>Grafit krystaliczny znajduje r\u00f3wnie\u017c <strong>zastosowanie w metalurgii i odlewnictwie<\/strong>, tak samo jak inny surowiec z naszej oferty \u2013 <a href=\"http:\/\/www.dimex.pl\/koks\/produkty\/koks\/koks-odlewniczy\">koks odlewniczy<\/a>. Produkuje si\u0119 z niego r\u00f3\u017cne rodzaje form i naczy\u0144, s\u0142u\u017cy tak\u017ce jako \u015brodek separuj\u0105cy podczas obr\u00f3bki metali. Grafit krystaliczny w proszku dodaje si\u0119 do olej\u00f3w, aby polepszy\u0107 ich w\u0142a\u015bciwo\u015bci fizyko-chemiczne.<\/p><br><br>\n\n\n\n<h2>Charakterystyka i w\u0142a\u015bciwo\u015bci grafitu naturalnego krystalicznego<\/h2>\n\n\n\n<p><strong>Grafit naturalny krystaliczny<\/strong> w przeciwie\u0144stwie do innych rodzaj\u00f3w grafitu, charakteryzuje si\u0119 wyra\u017an\u0105 struktur\u0105 krystaliczn\u0105, co wp\u0142ywa na jego w\u0142a\u015bciwo\u015bci fizyczne i chemiczne. Krystaliczna struktura grafitu jest kluczowa w przemy\u015ble ze wzgl\u0119du na jej wp\u0142yw na przewodnictwo cieplne i elektryczne oraz odporno\u015b\u0107 na korozj\u0119. Dzi\u0119ki temu grafit krystaliczny jest niezast\u0105piony w aplikacjach wymagaj\u0105cych wysokiej wydajno\u015bci i trwa\u0142o\u015bci.<\/p>\n\n\n\n<p>Produkt ten <strong>dost\u0119pny jest w r\u00f3\u017cnych granulacjach i poziomach czysto\u015bci<\/strong>, co pozwala na jego szerokie zastosowanie w przemy\u015ble. Struktura materia\u0142u mo\u017ce by\u0107 dostosowana do specyficznych wymaga\u0144 klienta. Dimex oferuje mo\u017cliwo\u015b\u0107 personalizacji w\u0142a\u015bciwo\u015bci grafitu krystalicznego pod konkretne zastosowania przemys\u0142owe. Dzi\u0119ki temu klienci mog\u0105 uzyska\u0107 produkt idealnie dopasowany do ich potrzeb technologicznych.<\/p>\n\n\n\n<h2>Przewaga grafitu krystalicznego nad innymi formami<\/h2>\n\n\n\n<p>Grafit naturalny krystaliczny jest ceniony za swoj\u0105 wyj\u0105tkow\u0105 <strong>odporno\u015b\u0107 na wysokie temperatury oraz dzia\u0142anie wi\u0119kszo\u015bci kwas\u00f3w i zasad<\/strong>, co czyni go idealnym materia\u0142em do zastosowa\u0144 przemys\u0142owych. Sk\u0142ad chemiczny grafitu krystalicznego bogaty w czysty w\u0119giel, zapewnia doskona\u0142e przewodnictwo elektryczne i cieplne oraz odporno\u015b\u0107 na korozj\u0119.<\/p>\n\n\n\n<p>Grafit naturalny krystaliczny r\u00f3\u017cni si\u0119 od amorficznego przede wszystkim struktur\u0105 i w\u0142a\u015bciwo\u015bciami fizycznymi. Krystaliczna forma zapewnia lepsze przewodnictwo cieplne i elektryczne oraz wi\u0119ksz\u0105 odporno\u015b\u0107 na dzia\u0142anie czynnik\u00f3w chemicznych. Klienci przemys\u0142owi wybieraj\u0105 grafit o strukturze krystalicznej ze wzgl\u0119du na jego niezr\u00f3wnan\u0105 trwa\u0142o\u015b\u0107 i wydajno\u015b\u0107 w trudnych warunkach pracy. Jego w\u0142a\u015bciwo\u015bci przewodz\u0105ce i odporno\u015b\u0107 na korozj\u0119 czyni\u0105 go idealnym wyborem dla wielu zastosowa\u0144.<\/p>\n\n\n\n<h2>Ekologiczne i ekonomiczne korzy\u015bci stosowania grafitu naturalnego<\/h2>\n\n\n\n<p>Wyb\u00f3r naturalnego grafitu krystalicznego to nie tylko kwestia jako\u015bci, ale tak\u017ce \u015bwiadoma decyzja proekologiczna. Jako surowiec naturalny, grafit podlega recyklingowi i nie wymaga skomplikowanych proces\u00f3w chemicznych do pozyskania, co ogranicza jego \u015blad w\u0119glowy. <strong>Grafit krystaliczny jest r\u00f3wnie\u017c bezpieczny dla \u015brodowiska<\/strong>, nie uwalnia szkodliwych substancji i mo\u017ce by\u0107 z powodzeniem stosowany w aplikacjach zwi\u0105zanych z energi\u0105 odnawialn\u0105, takich jak produkcja baterii czy ogniw paliwowych. Coraz wi\u0119cej firm stawia na rozwi\u0105zania przyjazne \u015brodowisku, a naturalny grafit doskonale wpisuje si\u0119 w ten trend, \u0142\u0105cz\u0105c efektywno\u015b\u0107 z odpowiedzialno\u015bci\u0105 ekologiczn\u0105.<\/p>\n\n\n\n<h2>Dlaczego warto wybra\u0107 grafit naturalny krystaliczny z oferty Dimex?<\/h2>\n\n\n\n<p>Wsp\u00f3\u0142praca z do\u015bwiadczonym dostawc\u0105 grafitu gwarantuje dost\u0119p do produkt\u00f3w najwy\u017cszej jako\u015bci oraz elastyczno\u015b\u0107 w dostosowywaniu oferty do indywidualnych potrzeb klienta. Firma zapewnia r\u00f3wnie\u017c profesjonalne doradztwo techniczne. Grafit oferowany przez Dimex spe\u0142nia najwy\u017csze normy jako\u015bciowe wymagane w r\u00f3\u017cnych bran\u017cach przemys\u0142owych. Dzi\u0119ki temu klienci mog\u0105 by\u0107 pewni, \u017ce otrzymuj\u0105 produkt spe\u0142niaj\u0105cy ich oczekiwania pod wzgl\u0119dem wydajno\u015bci i trwa\u0142o\u015bci. Zapraszamy do zapoznania si\u0119 z nasz\u0105 ofert\u0105 oraz do kontaktu!<\/p>\n","protected":false},"excerpt":{"rendered":"<p>Dost\u0119pny w naszej ofercie grafit krystaliczny, nazywany te\u017c grafitem \u017cy\u0142owym b\u0105d\u017a \u017cy\u0142\u0105 krystaliczn\u0105, wydobywany jest z \u017cy\u0142 i szczelin ska\u0142 o wysokiej czysto\u015bci. Przypuszcza si\u0119, \u017ce grafit \u017cy\u0142owy powsta\u0142 ze z\u0142\u00f3\u017c ropy naftowej, na kt\u00f3r\u0105 oddzia\u0142ywa\u0142y r\u00f3\u017cne czynniki fizyczne. Grafit krystaliczny pozyskuje si\u0119 metodami powierzchniowymi&#8230;<\/p>\n","protected":false},"author":1,"featured_media":0,"parent":941,"menu_order":0,"comment_status":"closed","ping_status":"closed","template":"","meta":[],"yoast_head":"<!-- This site is optimized with the Yoast SEO plugin v18.1 - https:\/\/yoast.com\/wordpress\/plugins\/seo\/ -->\n<meta name=\"description\" content=\"Od lat zaopatrujemy przedsi\u0119biorc\u00f3w w grafit krystaliczny. Znajduje on zastosowanie jako suchy smar, \u015brodek separuj\u0105cy i dodatek do olej\u00f3w. Dowiedz si\u0119 wi\u0119cej!\" \/>\n<meta name=\"robots\" content=\"index, follow, max-snippet:-1, max-image-preview:large, max-video-preview:-1\" \/>\n<link rel=\"canonical\" href=\"https:\/\/dimex.pl\/koks\/produkty\/grafit\/krystaliczny\/\" \/>\n<meta property=\"og:locale\" content=\"pl_PL\" \/>\n<meta property=\"og:type\" content=\"article\" \/>\n<meta property=\"og:title\" content=\"Grafit naturalny krystaliczny - P.P.H.U. &quot;DIMEX&quot; Sp. z o.o.\" \/>\n<meta property=\"og:description\" content=\"Od lat zaopatrujemy przedsi\u0119biorc\u00f3w w grafit krystaliczny. Znajduje on zastosowanie jako suchy smar, \u015brodek separuj\u0105cy i dodatek do olej\u00f3w. Dowiedz si\u0119 wi\u0119cej!\" \/>\n<meta property=\"og:url\" content=\"https:\/\/dimex.pl\/koks\/produkty\/grafit\/krystaliczny\/\" \/>\n<meta property=\"og:site_name\" content=\"P.P.H.U. &quot;DIMEX&quot; Sp. z o.o.\" \/>\n<meta property=\"article:modified_time\" content=\"2026-02-12T13:35:07+00:00\" \/>\n<meta name=\"twitter:card\" content=\"summary\" \/>\n<meta name=\"twitter:label1\" content=\"Szacowany czas czytania\" \/>\n\t<meta name=\"twitter:data1\" content=\"4 minuty\" \/>\n<script type=\"application\/ld+json\" class=\"yoast-schema-graph\">{\"@context\":\"https:\/\/schema.org\",\"@graph\":[{\"@type\":\"Organization\",\"@id\":\"https:\/\/dimex.pl\/koks\/#organization\",\"name\":\"P.P.H.U. \\\"DIMEX\\\" Sp. z o.o.\",\"url\":\"https:\/\/dimex.pl\/koks\/\",\"sameAs\":[],\"logo\":{\"@type\":\"ImageObject\",\"@id\":\"https:\/\/dimex.pl\/koks\/#logo\",\"inLanguage\":\"pl-PL\",\"url\":\"https:\/\/dimex.pl\/koks\/wp-content\/uploads\/2017\/10\/logo.gif\",\"contentUrl\":\"https:\/\/dimex.pl\/koks\/wp-content\/uploads\/2017\/10\/logo.gif\",\"width\":240,\"height\":170,\"caption\":\"P.P.H.U. \\\"DIMEX\\\" Sp. z o.o.\"},\"image\":{\"@id\":\"https:\/\/dimex.pl\/koks\/#logo\"}},{\"@type\":\"WebSite\",\"@id\":\"https:\/\/dimex.pl\/koks\/#website\",\"url\":\"https:\/\/dimex.pl\/koks\/\",\"name\":\"P.P.H.U. &quot;DIMEX&quot; Sp. z o.o.\",\"description\":\"Przedsi\u0119biorstwo Produkcyjno-Handlowo-Us\u0142ugowe \u201eDIMEX\u201d Sp. z o.o. zajmuje si\u0119 hurtowym handlem paliwami sta\u0142ymi, ze specjalizacj\u0105 w obrocie koksem.\",\"publisher\":{\"@id\":\"https:\/\/dimex.pl\/koks\/#organization\"},\"potentialAction\":[{\"@type\":\"SearchAction\",\"target\":{\"@type\":\"EntryPoint\",\"urlTemplate\":\"https:\/\/dimex.pl\/koks\/?s={search_term_string}\"},\"query-input\":\"required name=search_term_string\"}],\"inLanguage\":\"pl-PL\"},{\"@type\":\"WebPage\",\"@id\":\"https:\/\/dimex.pl\/koks\/produkty\/grafit\/krystaliczny\/#webpage\",\"url\":\"https:\/\/dimex.pl\/koks\/produkty\/grafit\/krystaliczny\/\",\"name\":\"Grafit naturalny krystaliczny - P.P.H.U. &quot;DIMEX&quot; Sp. z o.o.\",\"isPartOf\":{\"@id\":\"https:\/\/dimex.pl\/koks\/#website\"},\"datePublished\":\"2022-01-10T08:35:10+00:00\",\"dateModified\":\"2026-02-12T13:35:07+00:00\",\"description\":\"Od lat zaopatrujemy przedsi\u0119biorc\u00f3w w grafit krystaliczny. Znajduje on zastosowanie jako suchy smar, \u015brodek separuj\u0105cy i dodatek do olej\u00f3w. Dowiedz si\u0119 wi\u0119cej!\",\"breadcrumb\":{\"@id\":\"https:\/\/dimex.pl\/koks\/produkty\/grafit\/krystaliczny\/#breadcrumb\"},\"inLanguage\":\"pl-PL\",\"potentialAction\":[{\"@type\":\"ReadAction\",\"target\":[\"https:\/\/dimex.pl\/koks\/produkty\/grafit\/krystaliczny\/\"]}]},{\"@type\":\"BreadcrumbList\",\"@id\":\"https:\/\/dimex.pl\/koks\/produkty\/grafit\/krystaliczny\/#breadcrumb\",\"itemListElement\":[{\"@type\":\"ListItem\",\"position\":1,\"name\":\"Strona g\u0142\u00f3wna\",\"item\":\"https:\/\/dimex.pl\/koks\/\"},{\"@type\":\"ListItem\",\"position\":2,\"name\":\"Produkty\",\"item\":\"https:\/\/dimex.pl\/koks\/produkty\/\"},{\"@type\":\"ListItem\",\"position\":3,\"name\":\"Grafit\",\"item\":\"https:\/\/dimex.pl\/koks\/produkty\/grafit\/\"},{\"@type\":\"ListItem\",\"position\":4,\"name\":\"Grafit naturalny krystaliczny\"}]}]}<\/script>\n<!-- \/ Yoast SEO plugin. -->","yoast_head_json":{"description":"Od lat zaopatrujemy przedsi\u0119biorc\u00f3w w grafit krystaliczny. Znajduje on zastosowanie jako suchy smar, \u015brodek separuj\u0105cy i dodatek do olej\u00f3w. Dowiedz si\u0119 wi\u0119cej!","robots":{"index":"index","follow":"follow","max-snippet":"max-snippet:-1","max-image-preview":"max-image-preview:large","max-video-preview":"max-video-preview:-1"},"canonical":"https:\/\/dimex.pl\/koks\/produkty\/grafit\/krystaliczny\/","og_locale":"pl_PL","og_type":"article","og_title":"Grafit naturalny krystaliczny - P.P.H.U. &quot;DIMEX&quot; Sp. z o.o.","og_description":"Od lat zaopatrujemy przedsi\u0119biorc\u00f3w w grafit krystaliczny. Znajduje on zastosowanie jako suchy smar, \u015brodek separuj\u0105cy i dodatek do olej\u00f3w. Dowiedz si\u0119 wi\u0119cej!","og_url":"https:\/\/dimex.pl\/koks\/produkty\/grafit\/krystaliczny\/","og_site_name":"P.P.H.U. &quot;DIMEX&quot; Sp. z o.o.","article_modified_time":"2026-02-12T13:35:07+00:00","twitter_card":"summary","twitter_misc":{"Szacowany czas czytania":"4 minuty"},"schema":{"@context":"https:\/\/schema.org","@graph":[{"@type":"Organization","@id":"https:\/\/dimex.pl\/koks\/#organization","name":"P.P.H.U. \"DIMEX\" Sp. z o.o.","url":"https:\/\/dimex.pl\/koks\/","sameAs":[],"logo":{"@type":"ImageObject","@id":"https:\/\/dimex.pl\/koks\/#logo","inLanguage":"pl-PL","url":"https:\/\/dimex.pl\/koks\/wp-content\/uploads\/2017\/10\/logo.gif","contentUrl":"https:\/\/dimex.pl\/koks\/wp-content\/uploads\/2017\/10\/logo.gif","width":240,"height":170,"caption":"P.P.H.U. \"DIMEX\" Sp. z o.o."},"image":{"@id":"https:\/\/dimex.pl\/koks\/#logo"}},{"@type":"WebSite","@id":"https:\/\/dimex.pl\/koks\/#website","url":"https:\/\/dimex.pl\/koks\/","name":"P.P.H.U. &quot;DIMEX&quot; Sp. z o.o.","description":"Przedsi\u0119biorstwo Produkcyjno-Handlowo-Us\u0142ugowe \u201eDIMEX\u201d Sp. z o.o. zajmuje si\u0119 hurtowym handlem paliwami sta\u0142ymi, ze specjalizacj\u0105 w obrocie koksem.","publisher":{"@id":"https:\/\/dimex.pl\/koks\/#organization"},"potentialAction":[{"@type":"SearchAction","target":{"@type":"EntryPoint","urlTemplate":"https:\/\/dimex.pl\/koks\/?s={search_term_string}"},"query-input":"required name=search_term_string"}],"inLanguage":"pl-PL"},{"@type":"WebPage","@id":"https:\/\/dimex.pl\/koks\/produkty\/grafit\/krystaliczny\/#webpage","url":"https:\/\/dimex.pl\/koks\/produkty\/grafit\/krystaliczny\/","name":"Grafit naturalny krystaliczny - P.P.H.U. &quot;DIMEX&quot; Sp. z o.o.","isPartOf":{"@id":"https:\/\/dimex.pl\/koks\/#website"},"datePublished":"2022-01-10T08:35:10+00:00","dateModified":"2026-02-12T13:35:07+00:00","description":"Od lat zaopatrujemy przedsi\u0119biorc\u00f3w w grafit krystaliczny. Znajduje on zastosowanie jako suchy smar, \u015brodek separuj\u0105cy i dodatek do olej\u00f3w. Dowiedz si\u0119 wi\u0119cej!","breadcrumb":{"@id":"https:\/\/dimex.pl\/koks\/produkty\/grafit\/krystaliczny\/#breadcrumb"},"inLanguage":"pl-PL","potentialAction":[{"@type":"ReadAction","target":["https:\/\/dimex.pl\/koks\/produkty\/grafit\/krystaliczny\/"]}]},{"@type":"BreadcrumbList","@id":"https:\/\/dimex.pl\/koks\/produkty\/grafit\/krystaliczny\/#breadcrumb","itemListElement":[{"@type":"ListItem","position":1,"name":"Strona g\u0142\u00f3wna","item":"https:\/\/dimex.pl\/koks\/"},{"@type":"ListItem","position":2,"name":"Produkty","item":"https:\/\/dimex.pl\/koks\/produkty\/"},{"@type":"ListItem","position":3,"name":"Grafit","item":"https:\/\/dimex.pl\/koks\/produkty\/grafit\/"},{"@type":"ListItem","position":4,"name":"Grafit naturalny krystaliczny"}]}]}},"_links":{"self":[{"href":"https:\/\/dimex.pl\/koks\/wp-json\/wp\/v2\/pages\/948"}],"collection":[{"href":"https:\/\/dimex.pl\/koks\/wp-json\/wp\/v2\/pages"}],"about":[{"href":"https:\/\/dimex.pl\/koks\/wp-json\/wp\/v2\/types\/page"}],"author":[{"embeddable":true,"href":"https:\/\/dimex.pl\/koks\/wp-json\/wp\/v2\/users\/1"}],"replies":[{"embeddable":true,"href":"https:\/\/dimex.pl\/koks\/wp-json\/wp\/v2\/comments?post=948"}],"version-history":[{"count":5,"href":"https:\/\/dimex.pl\/koks\/wp-json\/wp\/v2\/pages\/948\/revisions"}],"predecessor-version":[{"id":1119,"href":"https:\/\/dimex.pl\/koks\/wp-json\/wp\/v2\/pages\/948\/revisions\/1119"}],"up":[{"embeddable":true,"href":"https:\/\/dimex.pl\/koks\/wp-json\/wp\/v2\/pages\/941"}],"wp:attachment":[{"href":"https:\/\/dimex.pl\/koks\/wp-json\/wp\/v2\/media?parent=948"}],"curies":[{"name":"wp","href":"https:\/\/api.w.org\/{rel}","templated":true}]}}